{"id":92,"date":"2011-12-07T16:30:13","date_gmt":"2011-12-07T16:30:13","guid":{"rendered":"http:\/\/web-imtm.iaw.ruhr-uni-bochum.de\/wp-dsb\/?page_id=92"},"modified":"2024-11-22T14:53:16","modified_gmt":"2024-11-22T13:53:16","slug":"datenschutzlinks","status":"publish","type":"page","link":"https:\/\/dsb.ruhr-uni-bochum.de\/en\/datenschutz\/informationen\/datenschutzlinks\/","title":{"rendered":"Datenschutzlinks &#038; -tipps"},"content":{"rendered":"\n<div class=\"wp-block-group is-vertical is-layout-flex wp-container-core-group-is-layout-8cf370e7 wp-block-group-is-layout-flex\">\n<p>Im Men\u00fc auf der Linken Seite finden Sie links zu h\u00e4ufig gestellten Fragen und allgemein Hinweise zur datenschutzfreundlichen Gestaltung von IT-Systemen.<\/p>\n\n\n\n<p>Au\u00dferdem finden Sie hier Links zu wichtigen und Interessanten Quellen rund um Datenschutzfragen und -aufsichtsbeh\u00f6rden.<\/p>\n<\/div>\n\n\n\n<div class=\"wp-block-group\"><div class=\"wp-block-group__inner-container is-layout-constrained wp-block-group-is-layout-constrained\"><h2 class=\"rub-h4\">Organisationen und Einrichtungen<\/h2>\n      \n\n\n<ul class=\"wp-block-list\">\n<li><a title=\"Zendas\" href=\"https:\/\/www.zendas.de\/themen\/index.html\">Zendas<\/a><\/li>\n\n\n\n<li><a href=\"https:\/\/www.ldi.nrw.de\/\">Die Landesbeauftragte f\u00fcr Datenschutz und Informationsfreiheit Nordrhein-Westfalen<\/a><\/li>\n\n\n\n<li><a href=\"https:\/\/www.edpb.europa.eu\/about-edpb\/who-we-are\/european-data-protection-board_de\">Europ\u00e4ischer Datenschutzausschuss (EDPB)<\/a> &#8211; Nachfolger Artikel-29-Datenschutzgruppe<\/li>\n\n\n\n<li><a href=\"https:\/\/www.bfdi.bund.de\/\">Datenschutzbeauftragter des Bundes<\/a><\/li>\n\n\n\n<li><a href=\"https:\/\/www.bigbrotherawards.de\/\">Big Brother Awards<\/a><\/li>\n\n\n\n<li><a href=\"https:\/\/www.bsi.bund.de\/\">Bundesamt f\u00fcr Sicherheit in der Informationstechnik<\/a><\/li>\n<\/ul>\n<\/div><\/div>\n\n\n\n<div class=\"wp-block-group\"><div class=\"wp-block-group__inner-container is-layout-constrained wp-block-group-is-layout-constrained\"><h2 class=\"rub-h4\">Gesetze und rechtliche Grundlagen<\/h2>\n      \n\n\n<ul class=\"wp-block-list\">\n<li><a href=\"https:\/\/www.datenschutz-wiki.de\/Datenschutz-Grundverordnung\">Europ\u00e4ische Datenschutzgrundverordnung <\/a><\/li>\n\n\n\n<li><a title=\"DSG NRW\" href=\"https:\/\/recht.nrw.de\/lmi\/owa\/br_text_anzeigen?v_id=3520071121100436275\">Datenschutzgesetz NRW<\/a><\/li>\n\n\n\n<li><a href=\"https:\/\/www.gesetze-im-internet.de\/bdsg_2018\/index.html\">Bundesdatenschutzgesetz<\/a><\/li>\n\n\n\n<li><a href=\"https:\/\/recht.nrw.de\/lmi\/owa\/br_text_anzeigen?v_id=10000000000000000654\">Landeshochschulgesetz NRW<\/a><\/li>\n\n\n\n<li><a href=\"http:\/\/bundesrecht.juris.de\/bundesrecht\/hrg\/index.html\">Hochschulrahmengesetz<\/a><\/li>\n<\/ul>\n<\/div><\/div>\n\n\n\n<div class=\"wp-block-group\"><div class=\"wp-block-group__inner-container is-layout-constrained wp-block-group-is-layout-constrained\"><h2 class=\"rub-h4\">Weitere Links<\/h2>\n      \n\n\n<ul class=\"wp-block-list\">\n<li><a href=\"https:\/\/www.datenschutz-wiki.de\/Hauptseite\">Datenschutz-Wiki<\/a><\/li>\n\n\n\n<li><a href=\"https:\/\/www.datenschutz.de\/\">Virtuelles Datenschutzb\u00fcro<\/a><\/li>\n\n\n\n<li><a href=\"https:\/\/www.itsb.ruhr-uni-bochum.de\/themen\/pcgrundsicherung.html\">Grundsicherungsma\u00dfnahmen an der RUB<\/a><\/li>\n\n\n\n<li><a href=\"https:\/\/www.bsi.bund.de\/DE\/Themen\/Unternehmen-und-Organisationen\/Standards-und-Zertifizierung\/IT-Grundschutz\/it-grundschutz_node.html\">IT-Grundschutzhandbuch<\/a><\/li>\n\n\n\n<li><a href=\"https:\/\/www.itsb.ruhr-uni-bochum.de\/\"> IT-Sicherheit an der RUB<\/a><\/li>\n\n\n\n<li><a href=\"https:\/\/www.heise.de\/security\/\">Heise Security<\/a><\/li>\n<\/ul>\n<\/div><\/div>\n\n\n\n<p><\/p>\n","protected":false},"excerpt":{"rendered":"Im Men\u00fc auf der Linken Seite finden Sie links zu h\u00e4ufig gestellten Fragen und allgemein Hinweise zur datenschutzfreundlichen Gestaltung von IT-Systemen. Au\u00dferdem finden Sie hier Links zu wichtigen und Interessanten Quellen rund um Datenschutzfragen und -aufsichtsbeh\u00f6rden.","protected":false},"author":3,"featured_media":0,"parent":1918,"menu_order":0,"comment_status":"closed","ping_status":"closed","template":"","meta":{"footnotes":""},"class_list":["post-92","page","type-page","status-publish","hentry"],"_links":{"self":[{"href":"https:\/\/dsb.ruhr-uni-bochum.de\/en\/wp-json\/wp\/v2\/pages\/92","targetHints":{"allow":["GET"]}}],"collection":[{"href":"https:\/\/dsb.ruhr-uni-bochum.de\/en\/wp-json\/wp\/v2\/pages"}],"about":[{"href":"https:\/\/dsb.ruhr-uni-bochum.de\/en\/wp-json\/wp\/v2\/types\/page"}],"author":[{"embeddable":true,"href":"https:\/\/dsb.ruhr-uni-bochum.de\/en\/wp-json\/wp\/v2\/users\/3"}],"replies":[{"embeddable":true,"href":"https:\/\/dsb.ruhr-uni-bochum.de\/en\/wp-json\/wp\/v2\/comments?post=92"}],"version-history":[{"count":5,"href":"https:\/\/dsb.ruhr-uni-bochum.de\/en\/wp-json\/wp\/v2\/pages\/92\/revisions"}],"predecessor-version":[{"id":1996,"href":"https:\/\/dsb.ruhr-uni-bochum.de\/en\/wp-json\/wp\/v2\/pages\/92\/revisions\/1996"}],"up":[{"embeddable":true,"href":"https:\/\/dsb.ruhr-uni-bochum.de\/en\/wp-json\/wp\/v2\/pages\/1918"}],"wp:attachment":[{"href":"https:\/\/dsb.ruhr-uni-bochum.de\/en\/wp-json\/wp\/v2\/media?parent=92"}],"curies":[{"name":"wp","href":"https:\/\/api.w.org\/{rel}","templated":true}]}}