{"id":86,"date":"2011-12-07T16:30:42","date_gmt":"2011-12-07T16:30:42","guid":{"rendered":"http:\/\/web-imtm.iaw.ruhr-uni-bochum.de\/wp-dsb\/?page_id=86"},"modified":"2024-11-13T10:46:58","modified_gmt":"2024-11-13T09:46:58","slug":"formulare-und-ausfullhinweise","status":"publish","type":"page","link":"https:\/\/dsb.ruhr-uni-bochum.de\/en\/datenschutz\/informationen\/formulare-und-ausfullhinweise\/","title":{"rendered":"Formulare und Ausf\u00fcllhinweise"},"content":{"rendered":"\n<div class=\"wp-block-group\"><div class=\"wp-block-group__inner-container is-layout-constrained wp-block-group-is-layout-constrained\">\n<h2 class=\"wp-block-heading\">Informationspflichten und Mustereinwilligungserkl\u00e4rungen<\/h2>\n\n\n\n<p><a href=\"https:\/\/www.lda.bayern.de\/media\/dsk_kpnr_10_informationspflichten.pdf\">Checkliste f\u00fcr die Informationspflichten<\/a><\/p>\n\n\n\n<p><a href=\"https:\/\/dsb.ruhr-uni-bochum.de\/wp-content\/uploads\/2018\/12\/Mustereinwilligungserklaerung_Interview_2018_CD.odt\">Mustereinwilligungserkl\u00e4rung f\u00fcr Interviewdaten<\/a><\/p>\n\n\n\n<p><a href=\"https:\/\/dsb.ruhr-uni-bochum.de\/wp-content\/uploads\/2018\/12\/Einwilligung_internet_MA.docx\">Mustereinwilligungserkl\u00e4rung zur Ver\u00f6ffentlichung von Mitarbeiterdaten auf der Homepage<\/a><\/p>\n\n\n\n<p><a href=\"https:\/\/dsb.ruhr-uni-bochum.de\/wp-content\/uploads\/2022\/03\/Muster-Datenschutzkonzept-Forschungsvorhaben-0.1.docx\" target=\"_blank\" rel=\"noreferrer noopener\">Muster eines Datenschutzkonzeptes f\u00fcr Forschungsvorhaben<\/a> (<a href=\"https:\/\/dsb.ruhr-uni-bochum.de\/wp-content\/uploads\/2024\/11\/Muster-Datenschutzkonzept-Forschungsvorhaben-EN.docx\" target=\"_blank\" rel=\"noreferrer noopener\">Englische Version<\/a>)<\/p>\n\n\n\n<p>&nbsp;<\/p>\n<\/div><\/div>\n\n\n\n<div class=\"wp-block-group\"><div class=\"wp-block-group__inner-container is-layout-constrained wp-block-group-is-layout-constrained\">\n<h2 class=\"wp-block-heading\">\u00dcbersicht der Verarbeitungst\u00e4tigkeiten<\/h2>\n\n\n\n<p>Die Vorlage zur \u00dcbersicht der Verarbeitungst\u00e4tigkeiten sowie die dazugeh\u00f6rige Anleitung finden Sie ab sofort im <a href=\"https:\/\/serviceportal.ruhr-uni-bochum.de\/\">Serviceportal<\/a> der RUB.<\/p>\n\n\n\n<p><a href=\"https:\/\/serviceportal.ruhr-uni-bochum.de\/SPDokumente\/VV_Vorlage.docx\">Vorlage \u00dcbersicht der Verarbeitungst\u00e4tigkeiten<\/a><\/p>\n\n\n\n<p><a href=\"https:\/\/serviceportal.ruhr-uni-bochum.de\/SPDokumente\/VV_Anleitung.pdf\">Anleitung zur Erstellung von Eintr\u00e4gen in die \u00dcbersicht der Verarbeitungst\u00e4tigkeiten<\/a><\/p>\n<\/div><\/div>\n\n\n\n<p>&nbsp;<\/p>\n\n\n\n<div class=\"wp-block-group\"><div class=\"wp-block-group__inner-container is-layout-constrained wp-block-group-is-layout-constrained\">\n<h2 class=\"wp-block-heading\">Weitere Materialien<\/h2>\n\n\n\n<p>Die Entscheidungshilfe f\u00fcr die Erforderlichkeit einer Datenschutzfolgenabsch\u00e4tzung finden Sie ab sofort im <a href=\"https:\/\/serviceportal.ruhr-uni-bochum.de\/\">Serviceportal<\/a> der RUB.<br><a href=\"https:\/\/serviceportal.ruhr-uni-bochum.de\/SPDokumente\/PIA-Entscheidungshilfe-DSFA.docx\">Beurteilungshilfe f\u00fcr die Erforderlichkeit einer Datenschutzfolgenabsch\u00e4tzung Art.35 DS-GVO<\/a><\/p>\n\n\n\n<p><a href=\"http:\/\/www.itsb.rub.de\/isms\/intern\/klassifikation.pdf\">Schutzbedarfs-Klassifikation von Informationen<\/a><\/p>\n\n\n\n<p><a href=\"https:\/\/dsb.ruhr-uni-bochum.de\/wp-content\/uploads\/2018\/12\/Verpflichtung-zur-Einhaltung-Anforderungen-nach-DSGVO_2018-12-12.pdf\">Verpflichtung zur Einhaltung Anforderungen nach DS-GVO und DSG NRW<\/a><\/p>\n\n\n\n<p>&nbsp;<\/p>\n\n\n\n<p>&nbsp;<\/p>\n\n\n\n<p>Weitere Vorlagen und Hilfen stehen auf Anfrage zur Verf\u00fcgung.<\/p>\n<\/div><\/div>\n","protected":false},"excerpt":{"rendered":"Informationspflichten und Mustereinwilligungserkl\u00e4rungen Checkliste f\u00fcr die Informationspflichten Mustereinwilligungserkl\u00e4rung f\u00fcr Interviewdaten Mustereinwilligungserkl\u00e4rung zur Ver\u00f6ffentlichung von Mitarbeiterdaten auf der Homepage Muster eines Datenschutzkonzeptes f\u00fcr Forschungsvorhaben (Englische Version) &nbsp; \u00dcbersicht der Verarbeitungst\u00e4tigkeiten Die Vorlage zur \u00dcbersicht der Verarbeitungst\u00e4tigkeiten sowie die dazugeh\u00f6rige Anleitung finden Sie ab sofort im Serviceportal der RUB. Vorlage \u00dcbersicht der Verarbeitungst\u00e4tigkeiten Anleitung zur Erstellung von [&hellip;]","protected":false},"author":3,"featured_media":0,"parent":1918,"menu_order":0,"comment_status":"closed","ping_status":"closed","template":"","meta":{"footnotes":""},"class_list":["post-86","page","type-page","status-publish","hentry"],"_links":{"self":[{"href":"https:\/\/dsb.ruhr-uni-bochum.de\/en\/wp-json\/wp\/v2\/pages\/86","targetHints":{"allow":["GET"]}}],"collection":[{"href":"https:\/\/dsb.ruhr-uni-bochum.de\/en\/wp-json\/wp\/v2\/pages"}],"about":[{"href":"https:\/\/dsb.ruhr-uni-bochum.de\/en\/wp-json\/wp\/v2\/types\/page"}],"author":[{"embeddable":true,"href":"https:\/\/dsb.ruhr-uni-bochum.de\/en\/wp-json\/wp\/v2\/users\/3"}],"replies":[{"embeddable":true,"href":"https:\/\/dsb.ruhr-uni-bochum.de\/en\/wp-json\/wp\/v2\/comments?post=86"}],"version-history":[{"count":5,"href":"https:\/\/dsb.ruhr-uni-bochum.de\/en\/wp-json\/wp\/v2\/pages\/86\/revisions"}],"predecessor-version":[{"id":1931,"href":"https:\/\/dsb.ruhr-uni-bochum.de\/en\/wp-json\/wp\/v2\/pages\/86\/revisions\/1931"}],"up":[{"embeddable":true,"href":"https:\/\/dsb.ruhr-uni-bochum.de\/en\/wp-json\/wp\/v2\/pages\/1918"}],"wp:attachment":[{"href":"https:\/\/dsb.ruhr-uni-bochum.de\/en\/wp-json\/wp\/v2\/media?parent=86"}],"curies":[{"name":"wp","href":"https:\/\/api.w.org\/{rel}","templated":true}]}}