{"id":844,"date":"2020-03-10T16:15:28","date_gmt":"2020-03-10T15:15:28","guid":{"rendered":"https:\/\/dsb.ruhr-uni-bochum.de\/?page_id=844"},"modified":"2024-11-11T13:16:54","modified_gmt":"2024-11-11T12:16:54","slug":"meldung-von-datenpannen","status":"publish","type":"page","link":"https:\/\/dsb.ruhr-uni-bochum.de\/en\/datenschutz\/informationen\/meldung-von-datenpannen\/","title":{"rendered":"Meldung von Datenpannen"},"content":{"rendered":"\n<div class=\"wp-block-group is-vertical is-layout-flex wp-container-core-group-is-layout-8cf370e7 wp-block-group-is-layout-flex\"><h2 class=\"rub-h4\">Meldung von Datenschutzverletzungen nach Art. 33 DSGVO<\/h2>\n      \n\n\n<p>Nach <a href=\"https:\/\/www.datenschutz-wiki.de\/DSGVO:Art_33\">Art. 33 DSGVO<\/a> muss eine Verletzung des Schutzes personenbezogener Daten innerhalb von 72 Stunden an die <a href=\"https:\/\/www.ldi.nrw.de\/\">Aufsichtsbeh\u00f6rde<\/a> f\u00fcr den Datenschutz gemeldet werden.<\/p>\n\n\n\n<p>Als eine solche Datenschutzverletzung oder Datenpanne z\u00e4hlt:<\/p>\n\n\n\n<ul class=\"wp-block-list\">\n<li>Der Verlust von Datentr\u00e4gern (USB-Sticks, Festplatten, Smartphones, Laptops o.\u00e4.)<\/li>\n\n\n\n<li>Das Fehlversenden von personenbezogenen Daten (Post, E-Mail, Fax)<\/li>\n\n\n\n<li>Der allgemeine Verlust von Akten<\/li>\n\n\n\n<li>Malware Befall<\/li>\n\n\n\n<li>Kompromittierung von Accounts mit Zugriff auf personenbezogene Daten<\/li>\n\n\n\n<li>Diebstahl von personenbezogenen Daten<\/li>\n<\/ul>\n\n\n\n<p>Wenn die bei dem Vorfall verlorenen Daten voraussichtlich zu <strong>keinem<\/strong> Risiko f\u00fcr die Rechte und Freiheiten der Betroffenen f\u00fchren muss keine Meldung erfolgen.<br>Vorf\u00e4lle sind generell zu dokumentieren.<\/p>\n\n\n\n<p>Wurden bei einem solchen Vorfall personenbezogene Daten offengelegt oder von Unbefugten verarbeitet oder besteht zumindest das Risiko dazu, sind Sie verpflichtet den Vorfall zu melden.<\/p>\n<\/div>\n\n\n\n<div class=\"wp-block-group\"><div class=\"wp-block-group__inner-container is-layout-constrained wp-block-group-is-layout-constrained\"><h2 class=\"rub-h4\">Melden der Datenschutzpanne<\/h2>\n      \n\n\n<p>Datenpannen werden durch die Informationssicherheit und den Datenschutzbeauftragten bearbeitet.<\/p>\n\n\n\n<p><strong>Meldung per Mail an:<\/strong> <a href=\"mailto:datenpanne@ruhr-uni-bochum.de\">datenpanne@ruhr-uni-bochum.de<\/a><br>Wenn Sie unser <a href=\"https:\/\/www.itsb.ruhr-uni-bochum.de\/dokumente\/PGP_Schluessel\/Zertifikat-Datenpanne.pem\">S\/Mime-Zertifikat<\/a> in Ihren Mail-Client importieren, k\u00f6nnen Sie uns auch eine verschl\u00fcsselte E-Mail zuschicken.<\/p>\n\n\n\n<p><strong>Meldung per Fax an:<\/strong> +49 (0)234 \/ 32-14207<\/p>\n\n\n\n<p>Vollst\u00e4ndig anonym erreichen uns Ihre Mitteilungen via Hauspost der Ruhr-Universit\u00e4t an:<\/p>\n\n\n\n<p>Datenschutzbeauftragter<br>Wasserstr. 221 R.4\/09<\/p>\n\n\n\n<p>Zur Bearbeitung des Vorfalls ben\u00f6tigen wir (was, wann, wo):<\/p>\n\n\n\n<ol class=\"wp-block-list\">\n<li>Eine kurze Beschreibung dessen, was zu welcher Zeit bemerkt wurde<\/li>\n\n\n\n<li>Soweit bekannt, welche Arten personenbezogener Daten in welchem Umfang betroffen sind<\/li>\n\n\n\n<li>Optional: Kontaktadresse (E-Mail, Telefon) f\u00fcr R\u00fcckfragen. Meldungen k\u00f6nnen auch anonym erfolgen.<\/li>\n<\/ol>\n<\/div><\/div>\n\n\n\n<div class=\"wp-block-group\"><div class=\"wp-block-group__inner-container is-layout-constrained wp-block-group-is-layout-constrained\"><h2 class=\"rub-h4\">Was dann passiert<\/h2>\n      \n\n\n<p>Anschlie\u00dfend wird Ihre Meldung an die Beauftragte f\u00fcr Informationssicherheit und den Datenschutzbeauftragten der RUB \u00fcbermittelt. Diese sind zust\u00e4ndig f\u00fcr Meldungen der Ruhr-Universit\u00e4t an die Landesbeauftragte f\u00fcr Datenschutz und Informationssicherheit.<\/p>\n\n\n\n<p>Abh\u00e4ngig von der Art und Schwere der Datenschutzverletzung werden die Betroffenen, die zust\u00e4ndigen dezentralen Beauftragten f\u00fcr Informationssicherheit und Datenschutz und die Leitungen betroffener Einrichtungen benachrichtigt. Zur Abwehr akuter schwerwiegender St\u00f6rungen und Gefahren werden berechtigte Stellen der Ruhr-Universit\u00e4t unabh\u00e4ngig davon tempor\u00e4r<\/p>\n\n\n\n<ol class=\"wp-block-list\">\n<li>Anwender von der Nutzung der IT-Systeme, dem Netzwerk oder den IT-Dienstleistungen ausschlie\u00dfen,<\/li>\n\n\n\n<li>die Internet-Verbindung zu den betroffenen Endger\u00e4ten oder Subnetzen unterbrechen.<\/li>\n<\/ol>\n\n\n\n<p>Die Notma\u00dfnahmen sind auf den Zeitraum beschr\u00e4nkt, in dem die St\u00f6rung oder Gefahr vorliegt.<\/p>\n<\/div><\/div>\n","protected":false},"excerpt":{"rendered":"Nach Art. 33 DSGVO muss eine Verletzung des Schutzes personenbezogener Daten innerhalb von 72 Stunden an die Aufsichtsbeh\u00f6rde f\u00fcr den Datenschutz gemeldet werden. Als eine solche Datenschutzverletzung oder Datenpanne z\u00e4hlt: Wenn die bei dem Vorfall verlorenen Daten voraussichtlich zu keinem Risiko f\u00fcr die Rechte und Freiheiten der Betroffenen f\u00fchren muss keine Meldung erfolgen.Vorf\u00e4lle sind generell [&hellip;]","protected":false},"author":4,"featured_media":0,"parent":1918,"menu_order":0,"comment_status":"closed","ping_status":"closed","template":"","meta":{"footnotes":""},"class_list":["post-844","page","type-page","status-publish","hentry"],"_links":{"self":[{"href":"https:\/\/dsb.ruhr-uni-bochum.de\/en\/wp-json\/wp\/v2\/pages\/844","targetHints":{"allow":["GET"]}}],"collection":[{"href":"https:\/\/dsb.ruhr-uni-bochum.de\/en\/wp-json\/wp\/v2\/pages"}],"about":[{"href":"https:\/\/dsb.ruhr-uni-bochum.de\/en\/wp-json\/wp\/v2\/types\/page"}],"author":[{"embeddable":true,"href":"https:\/\/dsb.ruhr-uni-bochum.de\/en\/wp-json\/wp\/v2\/users\/4"}],"replies":[{"embeddable":true,"href":"https:\/\/dsb.ruhr-uni-bochum.de\/en\/wp-json\/wp\/v2\/comments?post=844"}],"version-history":[{"count":2,"href":"https:\/\/dsb.ruhr-uni-bochum.de\/en\/wp-json\/wp\/v2\/pages\/844\/revisions"}],"predecessor-version":[{"id":1926,"href":"https:\/\/dsb.ruhr-uni-bochum.de\/en\/wp-json\/wp\/v2\/pages\/844\/revisions\/1926"}],"up":[{"embeddable":true,"href":"https:\/\/dsb.ruhr-uni-bochum.de\/en\/wp-json\/wp\/v2\/pages\/1918"}],"wp:attachment":[{"href":"https:\/\/dsb.ruhr-uni-bochum.de\/en\/wp-json\/wp\/v2\/media?parent=844"}],"curies":[{"name":"wp","href":"https:\/\/api.w.org\/{rel}","templated":true}]}}