{"id":474,"date":"2017-08-31T13:26:38","date_gmt":"2017-08-31T11:26:38","guid":{"rendered":"https:\/\/dsb.ruhr-uni-bochum.de\/?page_id=474"},"modified":"2024-11-11T13:16:47","modified_gmt":"2024-11-11T12:16:47","slug":"it-sicherheit","status":"publish","type":"page","link":"https:\/\/dsb.ruhr-uni-bochum.de\/en\/datenschutz\/informationen\/it-sicherheit\/","title":{"rendered":"IT-Sicherheit"},"content":{"rendered":"\n<figure class=\"wp-block-image\"><a href=\"https:\/\/dsb-neu.iaw.ruhr-uni-bochum.de\/wp-content\/uploads\/2020\/12\/security-5285943_1280.jpg\"><img decoding=\"async\" src=\"https:\/\/dsb-neu.iaw.ruhr-uni-bochum.de\/wp-content\/uploads\/2020\/12\/security-5285943_1280.jpg\" alt=\"\" class=\"wp-image-491\"\/><\/a><\/figure>\n\n\n\n<div class=\"wp-block-group is-vertical is-layout-flex wp-container-core-group-is-layout-8cf370e7 wp-block-group-is-layout-flex\">\n<p>&nbsp;<\/p>\n\n\n\n<p>Auf der Website der Stabsstelle f\u00fcr Informationssicherheit finden Sie die <a href=\"https:\/\/www.itsb.ruhr-uni-bochum.de\/isms\/leitlinie.html\">Leitline zur Informationssicherheit<\/a>, sowie <a href=\"https:\/\/www.itsb.ruhr-uni-bochum.de\/isms\/intern\/weiterf%C3%BChrendeDokumente.html\">weiterf\u00fchrende Dokumente<\/a> zum Rahmenkonzept der Informationssicherheit an der Ruhr-Universit\u00e4t Bochum.<\/p>\n\n\n\n<p>Desweiteren finden Sie dort auch Informationen zu sicherheitsrelevanten Vorf\u00e4llen und zu Ma\u00dfnahmen die Sie zur Grundsicherung Ihres PCs ergreifen k\u00f6nnen.<\/p>\n<\/div>\n\n\n\t\t<div class=\"teaser-d mensa\">\n\t\t\t<a href=\"https:\/\/www.itsb.ruhr-uni-bochum.de\/\" target=\"Yes\" class=\"hover-layer\">\n\t\t\t<div class=\"img-wrapper\" https:\/\/dsb.ruhr-uni-bochum.de\/wp-content\/uploads\/2024\/08\/resized-iStock_000021972479Medium.jpgstyle=\"display:none\">\n\t\t\t\t<div class=\"img-wrapper-inner\">\n\t\t\t\t\t<img decoding=\"async\" src=\"https:\/\/dsb.ruhr-uni-bochum.de\/wp-content\/uploads\/2024\/08\/resized-iStock_000021972479Medium.jpg\" height=\"804\">\n\t\t\t\t<\/div>\n\t\t\t<\/div>\n    \n\t\t\t<div class=\"article-info-wrapper\">\n\t\t\t\t<div class=\"article-info-wrapper-inner\">\n\t\t\t\t\t<h2 class=\"headline\"><\/h2>\n\t\t\t\t\t<div class=\"teasertext\">\n\t\t\t\t\t<p><\/p>\n\t\t\t\t\t<\/div>\n\t\t\t\t\t<div class=\"button-arrow-wrapper no-link\">\n\t\t\t\t\t\t<span class=\"button-arrow-arrow\"><!-- --><\/span>\n\t\t\t\t\t\t<span class=\"button-arrow-text\">Stabsstelle Informationssicherheit<\/span>\n\t\t\t\t\t<\/div>\n        \t\t\t<\/div>\n    \t\t\t<\/div>\n      \t\t<div class=\"clear\"><\/div>\n    \t\t\t<\/a>\n\t\t<\/div>\n","protected":false},"excerpt":{"rendered":"&nbsp; Auf der Website der Stabsstelle f\u00fcr Informationssicherheit finden Sie die Leitline zur Informationssicherheit, sowie weiterf\u00fchrende Dokumente zum Rahmenkonzept der Informationssicherheit an der Ruhr-Universit\u00e4t Bochum. Desweiteren finden Sie dort auch Informationen zu sicherheitsrelevanten Vorf\u00e4llen und zu Ma\u00dfnahmen die Sie zur Grundsicherung Ihres PCs ergreifen k\u00f6nnen.","protected":false},"author":4,"featured_media":0,"parent":1918,"menu_order":0,"comment_status":"closed","ping_status":"closed","template":"","meta":{"footnotes":""},"class_list":["post-474","page","type-page","status-publish","hentry"],"_links":{"self":[{"href":"https:\/\/dsb.ruhr-uni-bochum.de\/en\/wp-json\/wp\/v2\/pages\/474","targetHints":{"allow":["GET"]}}],"collection":[{"href":"https:\/\/dsb.ruhr-uni-bochum.de\/en\/wp-json\/wp\/v2\/pages"}],"about":[{"href":"https:\/\/dsb.ruhr-uni-bochum.de\/en\/wp-json\/wp\/v2\/types\/page"}],"author":[{"embeddable":true,"href":"https:\/\/dsb.ruhr-uni-bochum.de\/en\/wp-json\/wp\/v2\/users\/4"}],"replies":[{"embeddable":true,"href":"https:\/\/dsb.ruhr-uni-bochum.de\/en\/wp-json\/wp\/v2\/comments?post=474"}],"version-history":[{"count":3,"href":"https:\/\/dsb.ruhr-uni-bochum.de\/en\/wp-json\/wp\/v2\/pages\/474\/revisions"}],"predecessor-version":[{"id":1925,"href":"https:\/\/dsb.ruhr-uni-bochum.de\/en\/wp-json\/wp\/v2\/pages\/474\/revisions\/1925"}],"up":[{"embeddable":true,"href":"https:\/\/dsb.ruhr-uni-bochum.de\/en\/wp-json\/wp\/v2\/pages\/1918"}],"wp:attachment":[{"href":"https:\/\/dsb.ruhr-uni-bochum.de\/en\/wp-json\/wp\/v2\/media?parent=474"}],"curies":[{"name":"wp","href":"https:\/\/api.w.org\/{rel}","templated":true}]}}