{"id":328,"date":"2015-03-30T09:53:42","date_gmt":"2015-03-30T07:53:42","guid":{"rendered":"http:\/\/dsb.ruhr-uni-bochum.de\/?page_id=328"},"modified":"2024-11-13T12:42:02","modified_gmt":"2024-11-13T11:42:02","slug":"schulungen","status":"publish","type":"page","link":"https:\/\/dsb.ruhr-uni-bochum.de\/en\/schulungen\/","title":{"rendered":"Training"},"content":{"rendered":"\n<div class=\"wp-block-group is-vertical is-layout-flex wp-container-core-group-is-layout-8cf370e7 wp-block-group-is-layout-flex\">\n<p class=\"has-medium-font-size\">Mitglieder der Ruhr-Universit\u00e4t k\u00f6nnen kostenfrei an Datenschutzschulungen teilnehmen die im Rahmen der Internen Fortbildung angeboten werden.<\/p>\n\n\n\n<p class=\"has-medium-font-size\">Wir bieten regelm\u00e4\u00dfig Schulungen zu folgenden Themen an:<\/p>\n<\/div>\n\n\n\n<div class=\"wp-block-group\"><div class=\"wp-block-group__inner-container is-layout-constrained wp-block-group-is-layout-constrained\">\n<h3 class=\"wp-block-heading\"><strong>Datenschutz in Sekretariaten<\/strong><\/h3>\n\n\n\n<ul class=\"wp-block-list\">\n<li>Zielgruppe: Mitarbeiter\/innen, die mit personenbezogenen Daten umgehen<\/li>\n\n\n\n<li>Pr\u00fcfungsdaten, Daten \u00fcber Studierende, Adresslisten etc.<\/li>\n<\/ul>\n<\/div><\/div>\n\n\n\n<div class=\"wp-block-group\"><div class=\"wp-block-group__inner-container is-layout-constrained wp-block-group-is-layout-constrained\">\n<h3 class=\"wp-block-heading\"><strong>Datenschutz in der Forschung<\/strong><\/h3>\n\n\n\n<ul class=\"wp-block-list\">\n<li>Zielgruppe: Mitarbeiter\/innen, die Forschungsprojekte mit personenbezogenen Daten durchf\u00fchren<\/li>\n\n\n\n<li>Themen (u.a.): Einwilligungen, Anonymisierung u<\/li>\n\n\n\n<li>Datenschutz f\u00fcr Administratorinnen und Administratoren<\/li>\n\n\n\n<li>Anonymisierung und Pseudonymisierung, Datentreuh\u00e4nderschaft\/-trennung, Gestaltung von Erhebungsinstrumenten, Besondere Anforderungen in speziellen Bereichen<\/li>\n<\/ul>\n<\/div><\/div>\n\n\n\n<div class=\"wp-block-group\"><div class=\"wp-block-group__inner-container is-layout-constrained wp-block-group-is-layout-constrained\">\n<h3 class=\"wp-block-heading\"><strong>Datenschutz f\u00fcr Administratorinnen und Administratoren<\/strong><\/h3>\n\n\n\n<ul class=\"wp-block-list\">\n<li>Zielgruppe: Mitarbeiter\/innen aus Verwaltung und Wissenschaft, die als Administrator\/inn\/en f\u00fcr Server an Lehr-<br>st\u00fchlen und in Dezernaten t\u00e4tig sind<\/li>\n\n\n\n<li>Themen sind u.a. jeweils (datenschutz-)rechtliche Fragen bei Email-Servern, Netzwerkmanagement und -\u00fcberwachung, Betrieb von Webservern, Nutzer\/innen\/management,<br>Rechnerbetrieb f\u00fcr die Lehre.<\/li>\n<\/ul>\n<\/div><\/div>\n\n\n<div class=\"field__item\" style=\"margin-top:6em;\">\r\n\t<div class=\"paragraph paragraph--type-reference-area paragraph--view-mode-default ds-1col clearfix\">\r\n\t\t<div class=\"field field--name-rub-reference-area-view-field field--type-ds field--label-hidden field__item\">\r\n\t\t\t<div class=\"rub-reference-area type-b\">\r\n\t\t\t\t<div class=\"paragraph paragraph--type-reference-area paragraph--view-mode-type-b ds-1col clearfix\">\r\n\t\t\t\t\t<div class=\"field field--name-field-image field--type-entity-reference field--label-hidden field__item\">\r\n\t\t\t\t\t\t<img loading=\"lazy\" decoding=\"async\" src=\"\/wp-content\/themes\/rub\/rub\/images\/icons\/Icon-Wegweiser-VF-B.png\" class=\"image-style-_62x162sc\" width=\"162\" height=\"162\">\r\n\t\t\t\t\t<\/div>\r\n\r\n\t\t\t\t\t<div class=\"grouped-elements\">\r\n\t\t\t\t\t\t<div class=\"field field--name-field-text-plain field--type-string field--label-hidden field__item\">Aktuelle Termine<\/div>\r\n\t\t\t\t\t\t<div class=\"field field--name-field-button field--type-link field--label-hidden field__item\"><a href=\"https:\/\/www.ruhr-uni-bochum.de\/fortbildung\/\">Fortbildungsportal der RUB<\/a><\/div>\r\n\t\t\t\t\t\t<\/div>\r\n\t\t\t\t<\/div>\r\n\t\t\t\t\t<a href=\"https:\/\/www.ruhr-uni-bochum.de\/fortbildung\/\" class=\"clickable-area\"><\/a><\/div>\r\n\t\t<\/div>\r\n\t<\/div>\r\n<\/div>","protected":false},"excerpt":{"rendered":"Mitglieder der Ruhr-Universit\u00e4t k\u00f6nnen kostenfrei an Datenschutzschulungen teilnehmen die im Rahmen der Internen Fortbildung angeboten werden. Wir bieten regelm\u00e4\u00dfig Schulungen zu folgenden Themen an: Datenschutz in Sekretariaten Datenschutz in der Forschung Datenschutz f\u00fcr Administratorinnen und Administratoren","protected":false},"author":1,"featured_media":0,"parent":0,"menu_order":0,"comment_status":"closed","ping_status":"closed","template":"","meta":{"footnotes":""},"class_list":["post-328","page","type-page","status-publish","hentry"],"_links":{"self":[{"href":"https:\/\/dsb.ruhr-uni-bochum.de\/en\/wp-json\/wp\/v2\/pages\/328","targetHints":{"allow":["GET"]}}],"collection":[{"href":"https:\/\/dsb.ruhr-uni-bochum.de\/en\/wp-json\/wp\/v2\/pages"}],"about":[{"href":"https:\/\/dsb.ruhr-uni-bochum.de\/en\/wp-json\/wp\/v2\/types\/page"}],"author":[{"embeddable":true,"href":"https:\/\/dsb.ruhr-uni-bochum.de\/en\/wp-json\/wp\/v2\/users\/1"}],"replies":[{"embeddable":true,"href":"https:\/\/dsb.ruhr-uni-bochum.de\/en\/wp-json\/wp\/v2\/comments?post=328"}],"version-history":[{"count":27,"href":"https:\/\/dsb.ruhr-uni-bochum.de\/en\/wp-json\/wp\/v2\/pages\/328\/revisions"}],"predecessor-version":[{"id":1970,"href":"https:\/\/dsb.ruhr-uni-bochum.de\/en\/wp-json\/wp\/v2\/pages\/328\/revisions\/1970"}],"wp:attachment":[{"href":"https:\/\/dsb.ruhr-uni-bochum.de\/en\/wp-json\/wp\/v2\/media?parent=328"}],"curies":[{"name":"wp","href":"https:\/\/api.w.org\/{rel}","templated":true}]}}