{"id":326,"date":"2015-04-27T17:02:49","date_gmt":"2015-04-27T15:02:49","guid":{"rendered":"http:\/\/dsb.ruhr-uni-bochum.de\/?page_id=326"},"modified":"2025-07-03T11:05:17","modified_gmt":"2025-07-03T09:05:17","slug":"umfragen","status":"publish","type":"page","link":"https:\/\/dsb.ruhr-uni-bochum.de\/en\/datenschutz\/forschung\/umfragen\/","title":{"rendered":"Umfragen"},"content":{"rendered":"\n<div class=\"wp-block-group is-vertical is-layout-flex wp-container-core-group-is-layout-8cf370e7 wp-block-group-is-layout-flex\">\n<p>Der sorgf\u00e4ltige Umgang mit personenbezogenen die im Rahmen von Erhebungen zu Forschungszwecken gesammelt werden hat eine hohe Priorit\u00e4t. Im folgenden finden Sie einige Hinweise die Sie beim Erstellen von Umfragen ber\u00fccksichtigen sollten.<\/p>\n<\/div>\n\n\n\n<div class=\"wp-block-group\"><div class=\"wp-block-group__inner-container is-layout-constrained wp-block-group-is-layout-constrained\"><h2 class=\"rub-h4\">Informationspflichten<\/h2>\n      \n\n\n<p>Bevor die Teilnehmer\/innen in die Umfrage starten sollten Sie \u00fcber die folgenden Punkte aufgekl\u00e4rt werden:<\/p>\n\n\n\n<ul class=\"wp-block-list\">\n<li>Wer f\u00fchrt die Umfrage durch und ist verantwortlich f\u00fcr die Datenverarbeitung (Vollst\u00e4ndiger Name, postalischer Adresse und weitere Kontaktdaten).<\/li>\n\n\n\n<li>Zu welchem Zweck werden die Daten ben\u00f6tigt (Kurzbeschreibung des Projekts\/Ziel der Umfrage). Bei Forschungsvorhaben st\u00fctzt sich die Erlaubnis der Datenerhebung in der Regel auf <a href=\"https:\/\/recht.nrw.de\/lmi\/owa\/br_bes_detail?sg=0&#038;menu=1&#038;bes_id=38824&#038;anw_nr=2&#038;aufgehoben=N&#038;det_id=408181\">\u00a717 des Datenschutzgesetzes NRW<\/a>.<\/li>\n\n\n\n<li>Wo werden die Daten verarbeitet (gegebenenfalls das Unternehmen, auf dessen Servern die Daten gespeichert werden oder welche zus\u00e4tzlichen Organisationen au\u00dfer der oben genannte auf die Daten zugriff bekommen sollen)<\/li>\n\n\n\n<li>Wann werden die Daten gel\u00f6scht. Wir empfehlen die Rohdaten so bald wie m\u00f6glich zu l\u00f6schen (ca. 3 Monate), sp\u00e4testens jedoch nach Projektende. Die genaue L\u00f6schfrist sollte.<\/li>\n<\/ul>\n<\/div><\/div>\n\n\n\n<div class=\"wp-block-group\"><div class=\"wp-block-group__inner-container is-layout-constrained wp-block-group-is-layout-constrained\"><h2 class=\"rub-h4\">Technische Durchf\u00fchrung<\/h2>\n      \n\n\n<p>Bitte vermeiden Sie die Nutzung gro\u00dfer zentraler Anbieter\/-innen f\u00fcr Umfragen. Die folgenden Universit\u00e4ten bieten bereits eigene Umfragesysteme an, deren Datenschutz- und Sicherheitskonzepte von den jeweiligen Datenschutzbeauftragen \u00fcberpr\u00fcft wurden.<\/p>\n\n\n\n<ul class=\"wp-block-list\">\n<li><a href=\"https:\/\/methodenzentrum.ruhr-uni-bochum.de\/angebote\/limesurvey\/\" target=\"_blank\" rel=\"noreferrer noopener\">LimeSurvey an der Ruhr-Uni Bochum<\/a><\/li>\n\n\n\n<li><a href=\"https:\/\/umfragen.tu-dortmund.de\/\">Limesurvey an der TU-Dortmund [Externer Link]<\/a><\/li>\n<\/ul>\n\n\n\n<p>Sollten Sie einen externen Dienstleiter f\u00fcr die Durchf\u00fchrung der Umfrage benutzen achten Sie darauf einen Vertrag abzuschlie\u00dfen der den Regeln des <a href=\"https:\/\/recht.nrw.de\/lmi\/owa\/br_bes_text?anw_nr=2&#038;gld_nr=2&#038;ugl_nr=20061&#038;bes_id=4908&#038;menu=1&#038;sg=0&#038;aufgehoben=N&#038;keyword=DSG#det251235\">\u00a711 Datenschutzgesetz NRW [Externer Link]<\/a> gen\u00fcgt.<\/p>\n<\/div><\/div>\n\n\n\n<div class=\"wp-block-group\"><div class=\"wp-block-group__inner-container is-layout-constrained wp-block-group-is-layout-constrained\"><h2 class=\"rub-h4\">Tipps f\u00fcr die Fragengestaltung<\/h2>\n      \n\n\n<p>Diese Hinweise ersetzen nat\u00fcrlich nicht die jeweiligen Vorgaben ihres Faches. Wenn Sie regelm\u00e4\u00dfig und\/oder gro\u00dfe Umfragen durchf\u00fchren empfehlen wir Ihnen au\u00dferdem die Teilnahme an einer unserer Schulungen.<\/p>\n\n\n\n<ul class=\"wp-block-list\">\n<li>Gestalten Sie Frageb\u00f6gen so, dass die Personen nicht identifiziert werden k\u00f6nnen, so dass die Daten anonym sind. Fragen Sie insbesondere nicht nach Namen, Adressen oder anderen eindeutigen Merkmalen<\/li>\n\n\n\n<li>Versuchen Sie Fragen und Fragekombinationen zu vermeiden die nur eine oder einen kleinen Personenkreis betreffen.\n<ul class=\"wp-block-list\">\n<li>Hintergrund: Sollten ihre Daten gewollt oder ungewollt ver\u00f6ffentlicht werden, sollte es nicht m\u00f6glich sein durch Zusatzwissen die Antworten Einzelner wieder ein Person zuzuordnen (Deanonymisierung). Viele Informationen die anonym scheinen lassen sich h\u00e4ufig unter Zuhilfenahme \u00f6ffentlicher Datensammlungen einer Person zuordnen (z.B. suche nach &#8220;Chilenin, 42, studiert an der RUB&#8221; bei Facebook). Siehe auch: Sweeney, L. (2000). <a href=\"http:\/\/dataprivacylab.org\/projects\/identifiability\/paper1.pdf\">Simple Demographics Often Identify People Uniquely [Externes PDF]<\/a>. Data Privacy, Carnegie Mellon University.<\/li>\n\n\n\n<li style=\"letter-spacing:0px\">Vorschlag: Erstellen Sie Kategorien (Alter: unter 30, 30-40..), bei denen Sie davon ausgehen k\u00f6nnen, dass mehrere Personen dazu geh\u00f6ren. Diese Einsch\u00e4tzung ist abh\u00e4ngig von ihrer Umfrage (die Kategorie 60-70 kann bei einer Umfrage unter Studierenden trotzdem nur eine Person enthalten)<\/li>\n<\/ul>\n<\/li>\n\n\n\n<li>Bei Fragen die nicht direkt Ihr Thema betreffen, sondern eine sozio-demografischen Einordnung dienen sollten Sie nur die notwendigen Fragen stellen.\n<ul class=\"wp-block-list\">\n<li>Beispiel: H\u00e4ufig wird nach Alter, Geschlecht und Einkommensgruppen gefragt unabh\u00e4ngig vom Thema der eigentlichen Befragung.<\/li>\n\n\n\n<li>Hintergrund: Nicht alles was &#8220;g\u00e4ngig&#8221; scheint ist auch &#8220;sinnig&#8221;. Viele Befragungen gehen z.B. in letzter Zeit dazu \u00fcber mehr als zwei Geschlechterkategorien anzubieten. W\u00e4hrend dies inhaltlich sinnvoll erscheint kann dies gleichzeitig dazu f\u00fchren, dass sensible Daten (besondere Daten im Sinne des Datenschutzes) erhoben werden.<\/li>\n\n\n\n<li>Vorschlag: Beschr\u00e4nken Sie sich auf Fragen die notwendig sind. Wenn Sie keine gesonderte Auswertung (z.B. gesplittet nach Geschlechterkategorien) planen, lassen Sie Fragen danach aus.<\/li>\n<\/ul>\n<\/li>\n<\/ul>\n<\/div><\/div>\n\n\n\n<div class=\"wp-block-group\"><div class=\"wp-block-group__inner-container is-layout-constrained wp-block-group-is-layout-constrained\"><h2 class=\"rub-h4\">Schulungen<\/h2>\n      \n\n\n<p>Im Rahmen der Internen Fortbildung an der RUB bietet die Datenschutzstelle den Kurs &#8220;<a href=\"\/schulungen\/\">Datenschutz in der Forschung<\/a>&#8221; an, in dem Grundlagen zur Fragebogengestaltung sowie des datenschutzfreundlichen Umgangs mit den entstehenden Daten vermittelt werden. Dort ist auch Zeit f\u00fcr ihre spezifischen Fragen.<\/p>\n<\/div><\/div>\n","protected":false},"excerpt":{"rendered":"Der sorgf\u00e4ltige Umgang mit personenbezogenen die im Rahmen von Erhebungen zu Forschungszwecken gesammelt werden hat eine hohe Priorit\u00e4t. Im folgenden finden Sie einige Hinweise die Sie beim Erstellen von Umfragen ber\u00fccksichtigen sollten. Bevor die Teilnehmer\/innen in die Umfrage starten sollten Sie \u00fcber die folgenden Punkte aufgekl\u00e4rt werden: Bitte vermeiden Sie die Nutzung gro\u00dfer zentraler Anbieter\/-innen [&hellip;]","protected":false},"author":1,"featured_media":0,"parent":358,"menu_order":0,"comment_status":"closed","ping_status":"closed","template":"","meta":{"footnotes":""},"class_list":["post-326","page","type-page","status-publish","hentry"],"_links":{"self":[{"href":"https:\/\/dsb.ruhr-uni-bochum.de\/en\/wp-json\/wp\/v2\/pages\/326","targetHints":{"allow":["GET"]}}],"collection":[{"href":"https:\/\/dsb.ruhr-uni-bochum.de\/en\/wp-json\/wp\/v2\/pages"}],"about":[{"href":"https:\/\/dsb.ruhr-uni-bochum.de\/en\/wp-json\/wp\/v2\/types\/page"}],"author":[{"embeddable":true,"href":"https:\/\/dsb.ruhr-uni-bochum.de\/en\/wp-json\/wp\/v2\/users\/1"}],"replies":[{"embeddable":true,"href":"https:\/\/dsb.ruhr-uni-bochum.de\/en\/wp-json\/wp\/v2\/comments?post=326"}],"version-history":[{"count":6,"href":"https:\/\/dsb.ruhr-uni-bochum.de\/en\/wp-json\/wp\/v2\/pages\/326\/revisions"}],"predecessor-version":[{"id":2235,"href":"https:\/\/dsb.ruhr-uni-bochum.de\/en\/wp-json\/wp\/v2\/pages\/326\/revisions\/2235"}],"up":[{"embeddable":true,"href":"https:\/\/dsb.ruhr-uni-bochum.de\/en\/wp-json\/wp\/v2\/pages\/358"}],"wp:attachment":[{"href":"https:\/\/dsb.ruhr-uni-bochum.de\/en\/wp-json\/wp\/v2\/media?parent=326"}],"curies":[{"name":"wp","href":"https:\/\/api.w.org\/{rel}","templated":true}]}}