{"id":1544,"date":"2024-06-11T00:17:32","date_gmt":"2024-06-10T22:17:32","guid":{"rendered":"https:\/\/dsb-neu.iaw.ruhr-uni-bochum.de\/?page_id=1544"},"modified":"2024-11-05T19:36:20","modified_gmt":"2024-11-05T18:36:20","slug":"blog","status":"publish","type":"page","link":"https:\/\/dsb.ruhr-uni-bochum.de\/en\/blog\/","title":{"rendered":"News"},"content":{"rendered":"\n<div class=\"wp-block-group\"><div class=\"wp-block-group__inner-container is-layout-constrained wp-block-group-is-layout-constrained\">\n<div class=\"wp-block-group is-nowrap is-layout-flex wp-container-core-group-is-layout-ad2f72ca wp-block-group-is-layout-flex\"><div class=\"wp-block-categories-dropdown wp-block-categories has-medium-font-size\"><label class=\"wp-block-categories__label\" for=\"wp-block-categories-1\">Categories<\/label><select  name='category_name' id='wp-block-categories-1' class='postform'>\n\t<option value='-1'>Select Category<\/option>\n\t<option class=\"level-0\" value=\"allgemein\">Allgemein&nbsp;&nbsp;(35)<\/option>\n\t<option class=\"level-0\" value=\"datenschutz\">Datenschutz&nbsp;&nbsp;(26)<\/option>\n\t<option class=\"level-1\" value=\"hochschule\">&nbsp;&nbsp;&nbsp;Hochschule&nbsp;&nbsp;(16)<\/option>\n\t<option class=\"level-1\" value=\"forschung\">&nbsp;&nbsp;&nbsp;in der Forschung&nbsp;&nbsp;(1)<\/option>\n\t<option class=\"level-0\" value=\"intern\">Intern&nbsp;&nbsp;(2)<\/option>\n\t<option class=\"level-0\" value=\"person\">Person&nbsp;&nbsp;(1)<\/option>\n\t<option class=\"level-0\" value=\"recht\">Recht&nbsp;&nbsp;(4)<\/option>\n\t<option class=\"level-0\" value=\"front\">Startseite&nbsp;&nbsp;(9)<\/option>\n<\/select><script type=\"text\/javascript\">\n\/* <![CDATA[ *\/\n\t\n\t( function() {\n\t\tvar dropdown = document.getElementById( 'wp-block-categories-1' );\n\t\tfunction onCatChange() {\n\t\t\tif ( dropdown.options[ dropdown.selectedIndex ].value !== -1 ) {\n\t\t\t\tlocation.href = \"https:\/\/dsb.ruhr-uni-bochum.de\/en\/?\" + dropdown.name + '=' + dropdown.options[ dropdown.selectedIndex ].value;\n\t\t\t}\n\t\t}\n\t\tdropdown.onchange = onCatChange;\n\t})();\n\t\n\t\n\/* ]]> *\/\n<\/script>\n\n<\/div>\n\n<div class=\"wp-block-archives-dropdown wp-block-archives has-medium-font-size\"><label for=\"wp-block-archives-1\" class=\"wp-block-archives__label screen-reader-text\">Archives<\/label>\n\t\t<select id=\"wp-block-archives-1\" name=\"archive-dropdown\" onchange=\"document.location.href=this.options[this.selectedIndex].value;\">\n\t\t<option value=\"\">Select Year<\/option>\t<option value='https:\/\/dsb.ruhr-uni-bochum.de\/en\/beitrag\/2026\/'> 2026 &nbsp;(2)<\/option>\n\t<option value='https:\/\/dsb.ruhr-uni-bochum.de\/en\/beitrag\/2025\/'> 2025 &nbsp;(3)<\/option>\n\t<option value='https:\/\/dsb.ruhr-uni-bochum.de\/en\/beitrag\/2024\/'> 2024 &nbsp;(2)<\/option>\n\t<option value='https:\/\/dsb.ruhr-uni-bochum.de\/en\/beitrag\/2023\/'> 2023 &nbsp;(1)<\/option>\n\t<option value='https:\/\/dsb.ruhr-uni-bochum.de\/en\/beitrag\/2022\/'> 2022 &nbsp;(2)<\/option>\n\t<option value='https:\/\/dsb.ruhr-uni-bochum.de\/en\/beitrag\/2021\/'> 2021 &nbsp;(1)<\/option>\n\t<option value='https:\/\/dsb.ruhr-uni-bochum.de\/en\/beitrag\/2020\/'> 2020 &nbsp;(7)<\/option>\n\t<option value='https:\/\/dsb.ruhr-uni-bochum.de\/en\/beitrag\/2019\/'> 2019 &nbsp;(4)<\/option>\n\t<option value='https:\/\/dsb.ruhr-uni-bochum.de\/en\/beitrag\/2018\/'> 2018 &nbsp;(10)<\/option>\n\t<option value='https:\/\/dsb.ruhr-uni-bochum.de\/en\/beitrag\/2017\/'> 2017 &nbsp;(3)<\/option>\n\t<option value='https:\/\/dsb.ruhr-uni-bochum.de\/en\/beitrag\/2016\/'> 2016 &nbsp;(4)<\/option>\n\t<option value='https:\/\/dsb.ruhr-uni-bochum.de\/en\/beitrag\/2015\/'> 2015 &nbsp;(4)<\/option>\n\t<option value='https:\/\/dsb.ruhr-uni-bochum.de\/en\/beitrag\/2013\/'> 2013 &nbsp;(2)<\/option>\n\t<option value='https:\/\/dsb.ruhr-uni-bochum.de\/en\/beitrag\/2012\/'> 2012 &nbsp;(5)<\/option>\n<\/select><\/div><\/div>\n<\/div><\/div>\n\n\n\n<div style=\"height:20px\" aria-hidden=\"true\" class=\"wp-block-spacer\"><\/div>\n\n\n\n<hr class=\"wp-block-separator has-alpha-channel-opacity\"\/>\n\n\n\n<div style=\"height:20px\" aria-hidden=\"true\" class=\"wp-block-spacer\"><\/div>\n\n\n<div class=\"wp-block-group\"><div class=\"wp-block-group__inner-container is-layout-constrained wp-block-group-is-layout-constrained\">\n<div data-wp-context=\"[]\" data-wp-interactive=\"core\/query\" data-wp-key=\"0\" data-wp-router-region=\"query-0\" class=\"wp-block-query is-layout-flow wp-block-query-is-layout-flow\"><ul class=\"columns-2 wp-block-post-template is-layout-grid wp-container-core-post-template-is-layout-17361a50 wp-block-post-template-is-layout-grid\"><li data-wp-key=\"post-template-item-2445\" class=\"wp-block-post post-2445 post type-post status-publish format-standard has-post-thumbnail hentry category-allgemein category-datenschutz category-hochschule\">\n\n<div class=\"wp-block-group has-background\" style=\"background-color:#e7e7e7;padding-top:30px;padding-right:30px;padding-bottom:30px;padding-left:30px\"><div class=\"wp-block-group__inner-container is-layout-flow wp-block-group-is-layout-flow\"><figure class=\"wp-block-post-featured-image\"><a href=\"https:\/\/dsb.ruhr-uni-bochum.de\/en\/beitrag\/berechtigungen-im-exchange-kalender\/\" target=\"_blank\"  ><img loading=\"lazy\" decoding=\"async\" width=\"804\" height=\"536\" src=\"https:\/\/dsb.ruhr-uni-bochum.de\/wp-content\/uploads\/2026\/02\/calender-804x536.jpg\" class=\"attachment-post-thumbnail size-post-thumbnail wp-post-image\" alt=\"Berechtigungen im Exchange-Kalender\" style=\"object-fit:cover;\" srcset=\"https:\/\/dsb.ruhr-uni-bochum.de\/wp-content\/uploads\/2026\/02\/calender-804x536.jpg 804w, https:\/\/dsb.ruhr-uni-bochum.de\/wp-content\/uploads\/2026\/02\/calender-300x200.jpg 300w, https:\/\/dsb.ruhr-uni-bochum.de\/wp-content\/uploads\/2026\/02\/calender-800x533.jpg 800w, https:\/\/dsb.ruhr-uni-bochum.de\/wp-content\/uploads\/2026\/02\/calender-768x512.jpg 768w, https:\/\/dsb.ruhr-uni-bochum.de\/wp-content\/uploads\/2026\/02\/calender-1536x1024.jpg 1536w, https:\/\/dsb.ruhr-uni-bochum.de\/wp-content\/uploads\/2026\/02\/calender.jpg 1920w\" sizes=\"auto, (max-width: 804px) 100vw, 804px\" \/><\/a><\/figure>\n\n\n\n<h2 style=\"color:#17365c; font-size:18px;\" class=\"has-link-color wp-elements-9f5bd058cff389f5e852d170256ba8e5 wp-block-post-title has-text-color\"><a href=\"https:\/\/dsb.ruhr-uni-bochum.de\/en\/beitrag\/berechtigungen-im-exchange-kalender\/\" target=\"_blank\" >Berechtigungen im Exchange-Kalender<\/a><\/h2>\n\n<div style=\"font-size:16px;\" class=\"has-link-color wp-elements-a4f4bafdbf6026688ed82ed6cc9cd4f8 wp-block-post-excerpt has-text-color has-black-color\"><p class=\"wp-block-post-excerpt__excerpt\">Im Alltag ist es oft sehr hilfreich, die Kalender von Kolleginnen und Kollegen einsehen zu k\u00f6nnen oder den eigenen Kalender freizugeben. Das erleichtert die Abstimmung, reduziert R\u00fcckfragen und spart Zeit. Gleichzeitig ist Kalenderfreigabe ein sensibles Thema: Je nachdem, wer welche Eintr\u00e4ge sieht, k\u00f6nnen vertrauliche Informationen in die falschen H\u00e4nde geraten. <\/p><\/div><\/div><\/div>\n\n\n\n<hr class=\"wp-block-separator has-text-color has-alpha-channel-opacity has-background\" style=\"background-color:#8dae10;color:#8dae10\"\/>\n\n<\/li><li data-wp-key=\"post-template-item-2428\" class=\"wp-block-post post-2428 post type-post status-publish format-standard has-post-thumbnail hentry category-datenschutz tag-europaeische-union tag-datenschutz\">\n\n<div class=\"wp-block-group has-background\" style=\"background-color:#e7e7e7;padding-top:30px;padding-right:30px;padding-bottom:30px;padding-left:30px\"><div class=\"wp-block-group__inner-container is-layout-flow wp-block-group-is-layout-flow\"><figure class=\"wp-block-post-featured-image\"><a href=\"https:\/\/dsb.ruhr-uni-bochum.de\/en\/beitrag\/zum-europaeischen-datenschutztag\/\" target=\"_blank\"  ><img loading=\"lazy\" decoding=\"async\" width=\"804\" height=\"452\" src=\"https:\/\/dsb.ruhr-uni-bochum.de\/wp-content\/uploads\/2026\/01\/european-union-804x452.jpg\" class=\"attachment-post-thumbnail size-post-thumbnail wp-post-image\" alt=\"Zum Europ\u00e4ischen Datenschutztag\" style=\"object-fit:cover;\" srcset=\"https:\/\/dsb.ruhr-uni-bochum.de\/wp-content\/uploads\/2026\/01\/european-union-804x452.jpg 804w, https:\/\/dsb.ruhr-uni-bochum.de\/wp-content\/uploads\/2026\/01\/european-union-300x169.jpg 300w, https:\/\/dsb.ruhr-uni-bochum.de\/wp-content\/uploads\/2026\/01\/european-union-800x450.jpg 800w, https:\/\/dsb.ruhr-uni-bochum.de\/wp-content\/uploads\/2026\/01\/european-union-768x432.jpg 768w, https:\/\/dsb.ruhr-uni-bochum.de\/wp-content\/uploads\/2026\/01\/european-union-1536x864.jpg 1536w, https:\/\/dsb.ruhr-uni-bochum.de\/wp-content\/uploads\/2026\/01\/european-union.jpg 1920w\" sizes=\"auto, (max-width: 804px) 100vw, 804px\" \/><\/a><\/figure>\n\n<div class=\"wp-block-post-date__modified-date wp-block-post-date has-small-font-size\"><time datetime=\"2026-01-29T11:23:05+01:00\">29. January 2026<\/time><\/div>\n\n<h2 style=\"color:#17365c; font-size:18px;\" class=\"has-link-color wp-elements-9f5bd058cff389f5e852d170256ba8e5 wp-block-post-title has-text-color\"><a href=\"https:\/\/dsb.ruhr-uni-bochum.de\/en\/beitrag\/zum-europaeischen-datenschutztag\/\" target=\"_blank\" >Zum Europ\u00e4ischen Datenschutztag<\/a><\/h2>\n\n<div style=\"font-size:16px;\" class=\"has-link-color wp-elements-a4f4bafdbf6026688ed82ed6cc9cd4f8 wp-block-post-excerpt has-text-color has-black-color\"><p class=\"wp-block-post-excerpt__excerpt\">Am 28. Januar erinnert dieses Jahr der Europ\u00e4ische Datenschutztag zum 20. Mal daran, warum Datenschutz f\u00fcr unsere digitale Gesellschaft unverzichtbar ist: Er sch\u00fctzt Menschen, schafft Vertrauen und macht Innovation verantwortungsvoll. Ein guter Zeitpunkt, den Blick zu heben \u2013 auf Europa, auf Deutschland und auf die aktuellen Debatten. <\/p><\/div><\/div><\/div>\n\n\n\n<hr class=\"wp-block-separator has-text-color has-alpha-channel-opacity has-background\" style=\"background-color:#8dae10;color:#8dae10\"\/>\n\n<\/li><li data-wp-key=\"post-template-item-2370\" class=\"wp-block-post post-2370 post type-post status-publish format-standard has-post-thumbnail hentry category-allgemein category-datenschutz category-hochschule category-intern\">\n\n<div class=\"wp-block-group has-background\" style=\"background-color:#e7e7e7;padding-top:30px;padding-right:30px;padding-bottom:30px;padding-left:30px\"><div class=\"wp-block-group__inner-container is-layout-flow wp-block-group-is-layout-flow\"><figure class=\"wp-block-post-featured-image\"><a href=\"https:\/\/dsb.ruhr-uni-bochum.de\/en\/beitrag\/datenschutz-in-windows-11-einstellungen-fuer-eine-sichere-nutzung\/\" target=\"_blank\"  ><img loading=\"lazy\" decoding=\"async\" width=\"804\" height=\"536\" src=\"https:\/\/dsb.ruhr-uni-bochum.de\/wp-content\/uploads\/2025\/09\/laptop-5603790_1280-804x536.jpg\" class=\"attachment-post-thumbnail size-post-thumbnail wp-post-image\" alt=\"Datenschutz in Windows 11: Unn\u00f6tige Datenweitergabe vermeiden\" style=\"object-fit:cover;\" srcset=\"https:\/\/dsb.ruhr-uni-bochum.de\/wp-content\/uploads\/2025\/09\/laptop-5603790_1280-804x536.jpg 804w, https:\/\/dsb.ruhr-uni-bochum.de\/wp-content\/uploads\/2025\/09\/laptop-5603790_1280-300x200.jpg 300w, https:\/\/dsb.ruhr-uni-bochum.de\/wp-content\/uploads\/2025\/09\/laptop-5603790_1280-800x533.jpg 800w, https:\/\/dsb.ruhr-uni-bochum.de\/wp-content\/uploads\/2025\/09\/laptop-5603790_1280-768x512.jpg 768w, https:\/\/dsb.ruhr-uni-bochum.de\/wp-content\/uploads\/2025\/09\/laptop-5603790_1280.jpg 1280w\" sizes=\"auto, (max-width: 804px) 100vw, 804px\" \/><\/a><\/figure>\n\n\n\n<h2 style=\"color:#17365c; font-size:18px;\" class=\"has-link-color wp-elements-9f5bd058cff389f5e852d170256ba8e5 wp-block-post-title has-text-color\"><a href=\"https:\/\/dsb.ruhr-uni-bochum.de\/en\/beitrag\/datenschutz-in-windows-11-einstellungen-fuer-eine-sichere-nutzung\/\" target=\"_blank\" >Datenschutz in Windows 11: Unn\u00f6tige Datenweitergabe vermeiden<\/a><\/h2>\n\n<div style=\"font-size:16px;\" class=\"has-link-color wp-elements-a4f4bafdbf6026688ed82ed6cc9cd4f8 wp-block-post-excerpt has-text-color has-black-color\"><p class=\"wp-block-post-excerpt__excerpt\">Der Countdown l\u00e4uft:\u00a0Am 14. Oktober 2025 beendet Microsoft den Support f\u00fcr Windows 10. <\/p><\/div><\/div><\/div>\n\n\n\n<hr class=\"wp-block-separator has-text-color has-alpha-channel-opacity has-background\" style=\"background-color:#8dae10;color:#8dae10\"\/>\n\n<\/li><li data-wp-key=\"post-template-item-2278\" class=\"wp-block-post post-2278 post type-post status-publish format-standard has-post-thumbnail hentry category-allgemein category-datenschutz category-hochschule category-intern tag-software tag-datenschutz tag-hochschule\">\n\n<div class=\"wp-block-group has-background\" style=\"background-color:#e7e7e7;padding-top:30px;padding-right:30px;padding-bottom:30px;padding-left:30px\"><div class=\"wp-block-group__inner-container is-layout-flow wp-block-group-is-layout-flow\"><figure class=\"wp-block-post-featured-image\"><a href=\"https:\/\/dsb.ruhr-uni-bochum.de\/en\/beitrag\/powerpdf-datenschutz-im-neuen-pdf-editor\/\" target=\"_blank\"  ><img loading=\"lazy\" decoding=\"async\" width=\"500\" height=\"310\" src=\"https:\/\/dsb.ruhr-uni-bochum.de\/wp-content\/uploads\/2025\/07\/Screenshot-5.png\" class=\"attachment-post-thumbnail size-post-thumbnail wp-post-image\" alt=\"PowerPDF &#8211; Datenschutzfunktionen\u00a0im neuen PDF-Editor\" style=\"object-fit:cover;\" srcset=\"https:\/\/dsb.ruhr-uni-bochum.de\/wp-content\/uploads\/2025\/07\/Screenshot-5.png 500w, https:\/\/dsb.ruhr-uni-bochum.de\/wp-content\/uploads\/2025\/07\/Screenshot-5-300x186.png 300w\" sizes=\"auto, (max-width: 500px) 100vw, 500px\" \/><\/a><\/figure>\n\n<div class=\"wp-block-post-date__modified-date wp-block-post-date has-small-font-size\"><time datetime=\"2026-04-02T09:46:24+02:00\">2. April 2026<\/time><\/div>\n\n<h2 style=\"color:#17365c; font-size:18px;\" class=\"has-link-color wp-elements-9f5bd058cff389f5e852d170256ba8e5 wp-block-post-title has-text-color\"><a href=\"https:\/\/dsb.ruhr-uni-bochum.de\/en\/beitrag\/powerpdf-datenschutz-im-neuen-pdf-editor\/\" target=\"_blank\" >PowerPDF &#8211; Datenschutzfunktionen\u00a0im neuen PDF-Editor<\/a><\/h2>\n\n<div style=\"font-size:16px;\" class=\"has-link-color wp-elements-a4f4bafdbf6026688ed82ed6cc9cd4f8 wp-block-post-excerpt has-text-color has-black-color\"><p class=\"wp-block-post-excerpt__excerpt\">Seit kurzem wird an der RUB ein neuer PDF-Editor verwendet: Tungsten PowerPDF. Wie sieht es bei dem Editor mit Blick auf Datenschutz aus und welche Funktionen bietet die Software in dieser Hinsicht? <\/p><\/div><\/div><\/div>\n\n\n\n<hr class=\"wp-block-separator has-text-color has-alpha-channel-opacity has-background\" style=\"background-color:#8dae10;color:#8dae10\"\/>\n\n<\/li><\/ul>\n\n\n<div style=\"height:20px\" aria-hidden=\"true\" class=\"wp-block-spacer\"><\/div>\n\n\n<nav style=\"font-size:16px;\" class=\"wp-block-query-pagination is-content-justification-center is-layout-flex wp-container-core-query-pagination-is-layout-16018d1d wp-block-query-pagination-is-layout-flex\" aria-label=\"Pagination\">\n\n\n<div class=\"wp-block-query-pagination-numbers\"><span data-wp-key=\"index-0\" aria-current=\"page\" class=\"page-numbers current\">1<\/span>\n<a data-wp-key=\"index-1\" data-wp-on--click=\"core\/query::actions.navigate\" class=\"page-numbers\" href=\"?query-0-page=2\">2<\/a>\n<a data-wp-key=\"index-2\" data-wp-on--click=\"core\/query::actions.navigate\" class=\"page-numbers\" href=\"?query-0-page=3\">3<\/a>\n<a data-wp-key=\"index-3\" data-wp-on--click=\"core\/query::actions.navigate\" class=\"page-numbers\" href=\"?query-0-page=4\">4<\/a><\/div>\n\n<a data-wp-key=\"query-pagination-next\" data-wp-on--click=\"core\/query::actions.navigate\" data-wp-on-async--mouseenter=\"core\/query::actions.prefetch\" data-wp-watch=\"core\/query::callbacks.prefetch\" href=\"\/en\/wp-json\/wp\/v2\/pages\/1544?query-0-page=2\" class=\"wp-block-query-pagination-next\">Next Page<span class='wp-block-query-pagination-next-arrow is-arrow-arrow' aria-hidden='true'>\u2192<\/span><\/a>\n<\/nav><\/div>\n<\/div><\/div>","protected":false},"excerpt":{"rendered":"","protected":false},"author":1,"featured_media":0,"parent":0,"menu_order":0,"comment_status":"closed","ping_status":"closed","template":"page-teaser.php","meta":{"footnotes":""},"class_list":["post-1544","page","type-page","status-publish","hentry"],"_links":{"self":[{"href":"https:\/\/dsb.ruhr-uni-bochum.de\/en\/wp-json\/wp\/v2\/pages\/1544","targetHints":{"allow":["GET"]}}],"collection":[{"href":"https:\/\/dsb.ruhr-uni-bochum.de\/en\/wp-json\/wp\/v2\/pages"}],"about":[{"href":"https:\/\/dsb.ruhr-uni-bochum.de\/en\/wp-json\/wp\/v2\/types\/page"}],"author":[{"embeddable":true,"href":"https:\/\/dsb.ruhr-uni-bochum.de\/en\/wp-json\/wp\/v2\/users\/1"}],"replies":[{"embeddable":true,"href":"https:\/\/dsb.ruhr-uni-bochum.de\/en\/wp-json\/wp\/v2\/comments?post=1544"}],"version-history":[{"count":11,"href":"https:\/\/dsb.ruhr-uni-bochum.de\/en\/wp-json\/wp\/v2\/pages\/1544\/revisions"}],"predecessor-version":[{"id":1788,"href":"https:\/\/dsb.ruhr-uni-bochum.de\/en\/wp-json\/wp\/v2\/pages\/1544\/revisions\/1788"}],"wp:attachment":[{"href":"https:\/\/dsb.ruhr-uni-bochum.de\/en\/wp-json\/wp\/v2\/media?parent=1544"}],"curies":[{"name":"wp","href":"https:\/\/api.w.org\/{rel}","templated":true}]}}